{"id":5592,"date":"2016-12-05T09:17:34","date_gmt":"2016-12-05T09:17:34","guid":{"rendered":"https:\/\/demo.wpzoom.com\/inspiro\/?page_id=5592"},"modified":"2025-05-18T13:17:47","modified_gmt":"2025-05-18T11:17:47","slug":"about","status":"publish","type":"page","link":"https:\/\/la-perle-rare-83.fr\/index.php\/about\/","title":{"rendered":"P\u00e9riode estivale"},"content":{"rendered":"\n<p><\/p>\n\n\n\n<div class=\"wp-block-cover alignfull\" style=\"padding-top:0px;min-height:181px;aspect-ratio:unset;\"><img loading=\"lazy\" decoding=\"async\" width=\"1024\" height=\"110\" class=\"wp-block-cover__image-background wp-image-7698 size-large\" alt=\"\" src=\"https:\/\/la-perle-rare-83.fr\/wp-content\/uploads\/2025\/05\/bandoe-1024x110.png\" data-object-fit=\"cover\" srcset=\"https:\/\/la-perle-rare-83.fr\/wp-content\/uploads\/2025\/05\/bandoe-1024x110.png 1024w, https:\/\/la-perle-rare-83.fr\/wp-content\/uploads\/2025\/05\/bandoe-300x32.png 300w, https:\/\/la-perle-rare-83.fr\/wp-content\/uploads\/2025\/05\/bandoe-2000x216.png 2000w\" sizes=\"auto, (max-width: 1024px) 100vw, 1024px\" \/><span aria-hidden=\"true\" class=\"wp-block-cover__background has-black-background-color has-background-dim-20 has-background-dim\"><\/span><div class=\"wp-block-cover__inner-container is-layout-flow wp-block-cover-is-layout-flow\">\n<div class=\"wp-block-group is-style-default has-global-padding is-layout-constrained wp-block-group-is-layout-constrained\"><\/div>\n<\/div><\/div>\n\n\n\n<p><\/p>\n\n\n\n<p><\/p>\n\n\n\n<p><\/p>\n\n\n\n<div class=\"wp-block-columns is-layout-flex wp-container-core-columns-is-layout-28f84493 wp-block-columns-is-layout-flex\">\n<div class=\"wp-block-column is-layout-flow wp-block-column-is-layout-flow\"><\/div>\n<\/div>\n\n\n\n<div class=\"wp-block-columns is-layout-flex wp-container-core-columns-is-layout-28f84493 wp-block-columns-is-layout-flex\">\n<div class=\"wp-block-column is-layout-flow wp-block-column-is-layout-flow\"><\/div>\n<\/div>\n\n\n\n<p><\/p>\n\n\n\n<p><\/p>\n\n\n\n<div class=\"wp-block-group has-global-padding is-content-justification-center is-layout-constrained wp-container-core-group-is-layout-1f462cda wp-block-group-is-layout-constrained\" style=\"padding-right:var(--wp--preset--spacing--small);padding-left:var(--wp--preset--spacing--small)\">\n<h2 class=\"wp-block-heading\">Bienvenue \u00e0 <strong>La Perle Rare<\/strong>, <\/h2>\n\n\n\n<p>un endroit unique o\u00f9 se m\u00ealent d\u00e9tente, raffinement et festivit\u00e9s, le tout dans un cadre idyllique au c\u0153ur du Lavandou. Laissez-moi vous pr\u00e9senter les concepts de notre bar lounge qui cr\u00e9ent une exp\u00e9rience inoubliable tout au long de la journ\u00e9e et de la soir\u00e9e.<\/p>\n\n\n\n<h2 class=\"wp-block-heading\">Le Midi &#8211; Snacking Gourmand<\/h2>\n\n\n\n<p>En journ\u00e9e, <strong>La Perle Rare<\/strong> vous accueille pour une pause gourmande et d\u00e9contract\u00e9e. Venez savourer nos <strong>snacks gourmands<\/strong>, soigneusement \u00e9labor\u00e9s avec des produits frais et locaux. Le cadre est parfait pour se d\u00e9tendre au bord de l&rsquo;eau, avec une vue imprenable sur le port. Nous proposons une s\u00e9lection de mets l\u00e9gers mais savoureux, id\u00e9als pour un d\u00e9jeuner rapide ou une petite bouch\u00e9e \u00e0 partager entre amis ou en famille. Nos assiettes fra\u00eeches et color\u00e9es se marient parfaitement avec un verre de vin local ou un cocktail rafra\u00eechissant.<\/p>\n\n\n\n<h2 class=\"wp-block-heading\"><strong>Le Soir &#8211; Ambiance Festive et Raffin\u00e9e<\/strong><\/h2>\n\n\n\n<p>Lorsque le soleil se couche, <strong>La Perle Rare<\/strong> se transforme en un lieu magique o\u00f9 le festif et le raffinement se rencontrent. La lumi\u00e8re douce du soir cr\u00e9e une atmosph\u00e8re chaleureuse, et vous \u00eates invit\u00e9s \u00e0 profiter de notre <strong>ap\u00e9ritif dinatoire<\/strong> dans une ambiance d\u00e9contract\u00e9e mais \u00e9l\u00e9gante. Laissez-vous envo\u00fbter par une playlist soigneusement choisie, qui accompagne parfaitement vos conversations et moments de d\u00e9tente.<\/p>\n\n\n\n<p>La vue sur le port et le spectacle des feux d&rsquo;artifice, souvent visibles pendant les soir\u00e9es estivales, ajoutent \u00e0 la magie du moment. Que vous soyez en couple, entre amis ou en groupe, l\u2019ambiance est toujours conviviale et festive. Nous vous proposons une carte d\u2019ap\u00e9ritifs et de petites bouch\u00e9es raffin\u00e9es, \u00e0 savourer en admirant le coucher du soleil.<\/p>\n\n\n\n<h2 class=\"wp-block-heading\"><strong>Une Exp\u00e9rience Unique<\/strong><\/h2>\n\n\n\n<p><strong>La Perle Rare<\/strong> se distingue par son atmosph\u00e8re unique o\u00f9 chaque instant est une c\u00e9l\u00e9bration. Qu\u2019il s\u2019agisse de passer un moment tranquille au bord de l&rsquo;eau ou de profiter de la magie du soir avec des amis, notre \u00e9tablissement offre un cadre id\u00e9al pour toutes les occasions. Venez d\u00e9couvrir ce lieu o\u00f9 la beaut\u00e9 du Lavandou rencontre le luxe d\u00e9contract\u00e9, et o\u00f9 chaque d\u00e9tail est pens\u00e9 pour faire de votre exp\u00e9rience un souvenir m\u00e9morable.<\/p>\n\n\n\n<div style=\"height:54px\" aria-hidden=\"true\" class=\"wp-block-spacer\"><\/div>\n\n\n\n<div style=\"height:100px\" aria-hidden=\"true\" class=\"wp-block-spacer\"><\/div>\n<\/div>\n","protected":false},"excerpt":{"rendered":"<p>Bienvenue \u00e0 La Perle Rare, un endroit unique o\u00f9 se m\u00ealent d\u00e9tente, raffinement et festivit\u00e9s, le tout dans un cadre idyllique au c\u0153ur du Lavandou. Laissez-moi vous pr\u00e9senter les concepts de notre bar lounge qui cr\u00e9ent une exp\u00e9rience inoubliable tout au long de la journ\u00e9e et de la soir\u00e9e. Le Midi &#8211; Snacking Gourmand En &hellip; <\/p>\n<p class=\"link-more\"><a href=\"https:\/\/la-perle-rare-83.fr\/index.php\/about\/\" class=\"more-link\">Lire la suite de<span class=\"screen-reader-text\">\u00ab\u00a0P\u00e9riode estivale\u00a0\u00bb<\/span><\/a><\/p>\n","protected":false},"author":1,"featured_media":0,"parent":0,"menu_order":0,"comment_status":"closed","ping_status":"closed","template":"page-templates\/full-width-no-title.php","meta":{"_monsterinsights_skip_tracking":false,"_monsterinsights_sitenote_active":false,"_monsterinsights_sitenote_note":"","_monsterinsights_sitenote_category":0,"inspiro_hide_title":false,"footnotes":""},"class_list":["post-5592","page","type-page","status-publish","hentry"],"_links":{"self":[{"href":"https:\/\/la-perle-rare-83.fr\/index.php\/wp-json\/wp\/v2\/pages\/5592","targetHints":{"allow":["GET"]}}],"collection":[{"href":"https:\/\/la-perle-rare-83.fr\/index.php\/wp-json\/wp\/v2\/pages"}],"about":[{"href":"https:\/\/la-perle-rare-83.fr\/index.php\/wp-json\/wp\/v2\/types\/page"}],"author":[{"embeddable":true,"href":"https:\/\/la-perle-rare-83.fr\/index.php\/wp-json\/wp\/v2\/users\/1"}],"replies":[{"embeddable":true,"href":"https:\/\/la-perle-rare-83.fr\/index.php\/wp-json\/wp\/v2\/comments?post=5592"}],"version-history":[{"count":9,"href":"https:\/\/la-perle-rare-83.fr\/index.php\/wp-json\/wp\/v2\/pages\/5592\/revisions"}],"predecessor-version":[{"id":7707,"href":"https:\/\/la-perle-rare-83.fr\/index.php\/wp-json\/wp\/v2\/pages\/5592\/revisions\/7707"}],"wp:attachment":[{"href":"https:\/\/la-perle-rare-83.fr\/index.php\/wp-json\/wp\/v2\/media?parent=5592"}],"curies":[{"name":"wp","href":"https:\/\/api.w.org\/{rel}","templated":true}]}}