{"id":6922,"date":"2023-11-19T10:39:22","date_gmt":"2023-11-19T10:39:22","guid":{"rendered":"https:\/\/demo.wpzoom.com\/inspiro-lite-blocks-xml\/?page_id=6922"},"modified":"2025-05-23T18:53:28","modified_gmt":"2025-05-23T16:53:28","slug":"homepage","status":"publish","type":"page","link":"https:\/\/la-perle-rare-83.fr\/","title":{"rendered":"Homepage"},"content":{"rendered":"\n<div class=\"wp-block-cover alignfull is-light\" style=\"min-height:100vh;aspect-ratio:unset;\"><video class=\"wp-block-cover__video-background intrinsic-ignore\" autoplay muted loop playsinline src=\"https:\/\/la-perle-rare-83.fr\/wp-content\/uploads\/2025\/04\/0001-0250.mp4\" data-object-fit=\"cover\"><\/video><span aria-hidden=\"true\" class=\"wp-block-cover__background has-background-dim-0 has-background-dim\" style=\"background-color:#FFF\"><\/span><div class=\"wp-block-cover__inner-container has-global-padding is-layout-constrained wp-block-cover-is-layout-constrained\">\n<p class=\"has-text-align-center has-large-font-size\"><\/p>\n<\/div><\/div>\n\n\n\n<div class=\"wp-block-group has-global-padding is-layout-constrained wp-container-core-group-is-layout-3a820303 wp-block-group-is-layout-constrained\" style=\"padding-right:var(--wp--preset--spacing--small);padding-left:var(--wp--preset--spacing--small)\">\n<div style=\"height:36px\" aria-hidden=\"true\" class=\"wp-block-spacer\"><\/div>\n\n\n\n<h2 class=\"wp-block-heading has-text-align-center has-medium-font-size\" style=\"letter-spacing:1px\"><strong>La Perle Rare \u2013 \u00c9l\u00e9gance, saveurs et d\u00e9tente, au Bord de la Plage du Lavandou<\/strong><\/h2>\n\n\n\n<div style=\"height:24px\" aria-hidden=\"true\" class=\"wp-block-spacer\"><\/div>\n\n\n\n<p class=\"has-text-align-center\">Nich\u00e9 sur la plage dor\u00e9e du Lavandou, La Perle Rare vous ouvre les portes d\u2019un bar-lounge raffin\u00e9 o\u00f9 \u00e9l\u00e9gance et convivialit\u00e9 se rencontrent. <\/p>\n\n\n\n<p class=\"has-text-align-center\">Installez-vous confortablement, berc\u00e9 par le doux bruit des vagues, laissez-vous s\u00e9duire par une carte de cocktails cr\u00e9atifs et de mets d\u00e9licats.<\/p>\n\n\n\n<p class=\"has-text-align-center\">Dans une ambiance feutr\u00e9e et chaleureuse, \u00e9t\u00e9 comme hiver, notre \u00e9quipe vous promet une parenth\u00e8se enchant\u00e9e.<\/p>\n\n\n\n<p class=\"has-text-align-center\">Entre instants de d\u00e9tente et plaisirs gourmands, ici, chaque verre se savoure, chaque bouch\u00e9e se d\u00e9guste, et chaque moment devient une exp\u00e9rience inoubliable.<\/p>\n\n\n\n<div class=\"wp-block-buttons is-horizontal is-content-justification-center is-layout-flex wp-container-core-buttons-is-layout-03627597 wp-block-buttons-is-layout-flex\"><\/div>\n\n\n\n<div style=\"height:57px\" aria-hidden=\"true\" class=\"wp-block-spacer\"><\/div>\n<\/div>\n\n\n\n<p><\/p>\n","protected":false},"excerpt":{"rendered":"<p>La Perle Rare \u2013 \u00c9l\u00e9gance, saveurs et d\u00e9tente, au Bord de la Plage du Lavandou Nich\u00e9 sur la plage dor\u00e9e du Lavandou, La Perle Rare vous ouvre les portes d\u2019un bar-lounge raffin\u00e9 o\u00f9 \u00e9l\u00e9gance et convivialit\u00e9 se rencontrent. Installez-vous confortablement, berc\u00e9 par le doux bruit des vagues, laissez-vous s\u00e9duire par une carte de cocktails cr\u00e9atifs &hellip; <\/p>\n<p class=\"link-more\"><a href=\"https:\/\/la-perle-rare-83.fr\/\" class=\"more-link\">Lire la suite de<span class=\"screen-reader-text\">\u00ab\u00a0Homepage\u00a0\u00bb<\/span><\/a><\/p>\n","protected":false},"author":1,"featured_media":0,"parent":0,"menu_order":0,"comment_status":"closed","ping_status":"closed","template":"page-templates\/full-width-transparent.php","meta":{"_monsterinsights_skip_tracking":false,"_monsterinsights_sitenote_active":false,"_monsterinsights_sitenote_note":"","_monsterinsights_sitenote_category":0,"inspiro_hide_title":false,"footnotes":""},"class_list":["post-6922","page","type-page","status-publish","hentry"],"_links":{"self":[{"href":"https:\/\/la-perle-rare-83.fr\/index.php\/wp-json\/wp\/v2\/pages\/6922","targetHints":{"allow":["GET"]}}],"collection":[{"href":"https:\/\/la-perle-rare-83.fr\/index.php\/wp-json\/wp\/v2\/pages"}],"about":[{"href":"https:\/\/la-perle-rare-83.fr\/index.php\/wp-json\/wp\/v2\/types\/page"}],"author":[{"embeddable":true,"href":"https:\/\/la-perle-rare-83.fr\/index.php\/wp-json\/wp\/v2\/users\/1"}],"replies":[{"embeddable":true,"href":"https:\/\/la-perle-rare-83.fr\/index.php\/wp-json\/wp\/v2\/comments?post=6922"}],"version-history":[{"count":15,"href":"https:\/\/la-perle-rare-83.fr\/index.php\/wp-json\/wp\/v2\/pages\/6922\/revisions"}],"predecessor-version":[{"id":7733,"href":"https:\/\/la-perle-rare-83.fr\/index.php\/wp-json\/wp\/v2\/pages\/6922\/revisions\/7733"}],"wp:attachment":[{"href":"https:\/\/la-perle-rare-83.fr\/index.php\/wp-json\/wp\/v2\/media?parent=6922"}],"curies":[{"name":"wp","href":"https:\/\/api.w.org\/{rel}","templated":true}]}}