{"id":6930,"date":"2025-04-09T19:28:58","date_gmt":"2025-04-09T17:28:58","guid":{"rendered":"https:\/\/la-perle-rare-83.fr\/?page_id=6930"},"modified":"2025-05-22T11:26:57","modified_gmt":"2025-05-22T09:26:57","slug":"ma-page-1","status":"publish","type":"page","link":"https:\/\/la-perle-rare-83.fr\/index.php\/ma-page-1\/","title":{"rendered":"journ\u00e9e"},"content":{"rendered":"\n<main class=\"wp-block-group alignfull site-content is-layout-flow wp-block-group-is-layout-flow\" id=\"header\" style=\"margin-top:0\">\n<div class=\"wp-block-cover alignfull\" style=\"padding-top:0px;min-height:168px;aspect-ratio:unset;\"><img loading=\"lazy\" decoding=\"async\" width=\"1024\" height=\"110\" class=\"wp-block-cover__image-background wp-image-7698 size-large\" alt=\"\" src=\"https:\/\/la-perle-rare-83.fr\/wp-content\/uploads\/2025\/05\/bandoe-1024x110.png\" data-object-fit=\"cover\" srcset=\"https:\/\/la-perle-rare-83.fr\/wp-content\/uploads\/2025\/05\/bandoe-1024x110.png 1024w, https:\/\/la-perle-rare-83.fr\/wp-content\/uploads\/2025\/05\/bandoe-300x32.png 300w, https:\/\/la-perle-rare-83.fr\/wp-content\/uploads\/2025\/05\/bandoe-2000x216.png 2000w\" sizes=\"auto, (max-width: 1024px) 100vw, 1024px\" \/><span aria-hidden=\"true\" class=\"wp-block-cover__background has-black-background-color has-background-dim-20 has-background-dim\"><\/span><div class=\"wp-block-cover__inner-container is-layout-flow wp-block-cover-is-layout-flow\">\n<p class=\"has-text-align-center has-large-font-size\"><\/p>\n<\/div><\/div>\n\n\n\n<div id=\"services\" class=\"wp-block-group pattern_multiple_covers has-global-padding is-layout-constrained wp-container-core-group-is-layout-3a820303 wp-block-group-is-layout-constrained\" style=\"padding-right:var(--wp--preset--spacing--small);padding-left:var(--wp--preset--spacing--small)\">\n<p class=\"has-text-align-left has-secondary-color has-text-color\" style=\"letter-spacing:1px\">En journ\u00e9e<\/p>\n\n\n\n<h2 class=\"wp-block-heading has-text-align-left has-large-font-size\">Faites vous plaisir<\/h2>\n\n\n\n<p class=\"has-text-align-left\"><strong>Snacking Gourmand le Midi<\/strong> \u00e0 consommer sur place ou \u00e0 emporter<\/p>\n\n\n\n<p>Lorsque la chaleur du soleil vous appelle, notre menu de snacking est la solution parfaite pour une pause l\u00e9g\u00e8re et savoureuse. Optez pour une cuisine fra\u00eeche, simple, pleine de saveurs m\u00e9diterran\u00e9ennes, parfaite pour accompagner vos apr\u00e8s-midis de d\u00e9tente.<\/p>\n\n\n\n<p><\/p>\n\n\n\n<div style=\"height:46px\" aria-hidden=\"true\" class=\"wp-block-spacer\"><\/div>\n\n\n\n<div class=\"wp-block-columns is-layout-flex wp-container-core-columns-is-layout-28f84493 wp-block-columns-is-layout-flex\">\n<div class=\"wp-block-column is-layout-flow wp-block-column-is-layout-flow\" style=\"padding-top:0;padding-right:0;padding-bottom:0;padding-left:0\">\n<div class=\"wp-block-cover\"><img loading=\"lazy\" decoding=\"async\" width=\"612\" height=\"459\" class=\"wp-block-cover__image-background wp-image-6977\" alt=\"\" src=\"https:\/\/la-perle-rare-83.fr\/wp-content\/uploads\/2025\/04\/istockphoto-171576027-612x612-1.jpg\" data-object-fit=\"cover\" srcset=\"https:\/\/la-perle-rare-83.fr\/wp-content\/uploads\/2025\/04\/istockphoto-171576027-612x612-1.jpg 612w, https:\/\/la-perle-rare-83.fr\/wp-content\/uploads\/2025\/04\/istockphoto-171576027-612x612-1-300x225.jpg 300w\" sizes=\"auto, (max-width: 612px) 100vw, 612px\" \/><span aria-hidden=\"true\" class=\"wp-block-cover__background has-background-dim\"><\/span><div class=\"wp-block-cover__inner-container is-layout-flow wp-block-cover-is-layout-flow\">\n<p class=\"has-text-align-center has-large-font-size\"><\/p>\n<\/div><\/div>\n<\/div>\n\n\n\n<div class=\"wp-block-column is-layout-flow wp-block-column-is-layout-flow\" style=\"padding-top:0;padding-right:0;padding-bottom:0;padding-left:0\">\n<div class=\"wp-block-cover\"><img loading=\"lazy\" decoding=\"async\" width=\"612\" height=\"408\" class=\"wp-block-cover__image-background wp-image-6978\" alt=\"\" src=\"https:\/\/la-perle-rare-83.fr\/wp-content\/uploads\/2025\/04\/istockphoto-479831676-612x612-1.jpg\" data-object-fit=\"cover\" srcset=\"https:\/\/la-perle-rare-83.fr\/wp-content\/uploads\/2025\/04\/istockphoto-479831676-612x612-1.jpg 612w, https:\/\/la-perle-rare-83.fr\/wp-content\/uploads\/2025\/04\/istockphoto-479831676-612x612-1-300x200.jpg 300w\" sizes=\"auto, (max-width: 612px) 100vw, 612px\" \/><span aria-hidden=\"true\" class=\"wp-block-cover__background has-background-dim\"><\/span><div class=\"wp-block-cover__inner-container is-layout-flow wp-block-cover-is-layout-flow\">\n<p class=\"has-text-align-center has-large-font-size\"><\/p>\n<\/div><\/div>\n<\/div>\n\n\n\n<div class=\"wp-block-column is-layout-flow wp-block-column-is-layout-flow\" style=\"padding-top:0;padding-right:0;padding-bottom:0;padding-left:0\">\n<div class=\"wp-block-cover\"><img loading=\"lazy\" decoding=\"async\" width=\"612\" height=\"408\" class=\"wp-block-cover__image-background wp-image-6979\" alt=\"\" src=\"https:\/\/la-perle-rare-83.fr\/wp-content\/uploads\/2025\/04\/istockphoto-471859630-612x612-1.jpg\" data-object-fit=\"cover\" srcset=\"https:\/\/la-perle-rare-83.fr\/wp-content\/uploads\/2025\/04\/istockphoto-471859630-612x612-1.jpg 612w, https:\/\/la-perle-rare-83.fr\/wp-content\/uploads\/2025\/04\/istockphoto-471859630-612x612-1-300x200.jpg 300w\" sizes=\"auto, (max-width: 612px) 100vw, 612px\" \/><span aria-hidden=\"true\" class=\"wp-block-cover__background has-background-dim\"><\/span><div class=\"wp-block-cover__inner-container is-layout-flow wp-block-cover-is-layout-flow\">\n<p class=\"has-text-align-center has-large-font-size\"><\/p>\n<\/div><\/div>\n<\/div>\n<\/div>\n\n\n\n<div class=\"wp-block-columns is-layout-flex wp-container-core-columns-is-layout-28f84493 wp-block-columns-is-layout-flex\">\n<div class=\"wp-block-column is-layout-flow wp-block-column-is-layout-flow\">\n<p><strong>Sandwiches<\/strong> : <\/p>\n\n\n\n<p>Des pr\u00e9parations l\u00e9g\u00e8res et savoureuses, id\u00e9ales pour un d\u00e9jeuner rapide les pieds dans l&rsquo;eau.<\/p>\n<\/div>\n\n\n\n<div class=\"wp-block-column is-layout-flow wp-block-column-is-layout-flow\">\n<p><strong>Salades fra\u00eeches et vitamin\u00e9es<\/strong> : <\/p>\n\n\n\n<p>M\u00e9lange de l\u00e9gumes locaux, fruits de saison et assaisonnements maison.<\/p>\n<\/div>\n\n\n\n<div class=\"wp-block-column is-layout-flow wp-block-column-is-layout-flow\">\n<p><strong>Des Glaces Toute la Journ\u00e9e<\/strong><\/p>\n\n\n\n<p class=\"has-text-align-left\">Pour accompagner vos moments de d\u00e9tente, profitez de notre s\u00e9lection de <strong>glaces <\/strong>disponibles tout au long de la journ\u00e9e. Parfaites pour se rafra\u00eechir sous le soleil, nos glaces sont pr\u00e9par\u00e9es avec soin \u00e0 partir de produits frais . Que vous choisissiez un classique parfum chocolat ou une cr\u00e9ation originale \u00e0 base de fruits de saison, vous trouverez ici une douceur qui ravira petits et grands.<\/p>\n<\/div>\n<\/div>\n<\/div>\n<\/main>\n\n\n\n<div style=\"height:0px\" aria-hidden=\"true\" class=\"wp-block-spacer\"><\/div>\n\n\n\n<p><\/p>\n","protected":false},"excerpt":{"rendered":"<p>En journ\u00e9e Faites vous plaisir Snacking Gourmand le Midi \u00e0 consommer sur place ou \u00e0 emporter Lorsque la chaleur du soleil vous appelle, notre menu de snacking est la solution parfaite pour une pause l\u00e9g\u00e8re et savoureuse. Optez pour une cuisine fra\u00eeche, simple, pleine de saveurs m\u00e9diterran\u00e9ennes, parfaite pour accompagner vos apr\u00e8s-midis de d\u00e9tente. Sandwiches &hellip; <\/p>\n<p class=\"link-more\"><a href=\"https:\/\/la-perle-rare-83.fr\/index.php\/ma-page-1\/\" class=\"more-link\">Lire la suite de<span class=\"screen-reader-text\">\u00ab\u00a0journ\u00e9e\u00a0\u00bb<\/span><\/a><\/p>\n","protected":false},"author":1,"featured_media":0,"parent":0,"menu_order":0,"comment_status":"closed","ping_status":"closed","template":"page-templates\/full-width-transparent.php","meta":{"_monsterinsights_skip_tracking":false,"_monsterinsights_sitenote_active":false,"_monsterinsights_sitenote_note":"","_monsterinsights_sitenote_category":0,"inspiro_hide_title":false,"footnotes":""},"class_list":["post-6930","page","type-page","status-publish","hentry"],"_links":{"self":[{"href":"https:\/\/la-perle-rare-83.fr\/index.php\/wp-json\/wp\/v2\/pages\/6930","targetHints":{"allow":["GET"]}}],"collection":[{"href":"https:\/\/la-perle-rare-83.fr\/index.php\/wp-json\/wp\/v2\/pages"}],"about":[{"href":"https:\/\/la-perle-rare-83.fr\/index.php\/wp-json\/wp\/v2\/types\/page"}],"author":[{"embeddable":true,"href":"https:\/\/la-perle-rare-83.fr\/index.php\/wp-json\/wp\/v2\/users\/1"}],"replies":[{"embeddable":true,"href":"https:\/\/la-perle-rare-83.fr\/index.php\/wp-json\/wp\/v2\/comments?post=6930"}],"version-history":[{"count":25,"href":"https:\/\/la-perle-rare-83.fr\/index.php\/wp-json\/wp\/v2\/pages\/6930\/revisions"}],"predecessor-version":[{"id":7703,"href":"https:\/\/la-perle-rare-83.fr\/index.php\/wp-json\/wp\/v2\/pages\/6930\/revisions\/7703"}],"wp:attachment":[{"href":"https:\/\/la-perle-rare-83.fr\/index.php\/wp-json\/wp\/v2\/media?parent=6930"}],"curies":[{"name":"wp","href":"https:\/\/api.w.org\/{rel}","templated":true}]}}