{"id":7027,"date":"2025-04-10T17:30:54","date_gmt":"2025-04-10T15:30:54","guid":{"rendered":"https:\/\/la-perle-rare-83.fr\/?page_id=7027"},"modified":"2025-05-22T11:20:09","modified_gmt":"2025-05-22T09:20:09","slug":"periode-hivernale","status":"publish","type":"page","link":"https:\/\/la-perle-rare-83.fr\/index.php\/periode-hivernale\/","title":{"rendered":"P\u00e9riode hivernale"},"content":{"rendered":"\n<p><\/p>\n\n\n\n<p><\/p>\n\n\n\n<p><\/p>\n\n\n\n<p><\/p>\n\n\n\n<p><\/p>\n\n\n\n<div class=\"wp-block-columns is-layout-flex wp-container-core-columns-is-layout-28f84493 wp-block-columns-is-layout-flex\">\n<div class=\"wp-block-column is-layout-flow wp-block-column-is-layout-flow\"><\/div>\n<\/div>\n\n\n\n<div class=\"wp-block-columns is-layout-flex wp-container-core-columns-is-layout-28f84493 wp-block-columns-is-layout-flex\">\n<div class=\"wp-block-column is-layout-flow wp-block-column-is-layout-flow\"><\/div>\n<\/div>\n\n\n\n<p><\/p>\n\n\n\n<p><\/p>\n\n\n\n<div class=\"wp-block-group has-global-padding is-content-justification-center is-layout-constrained wp-container-core-group-is-layout-1f462cda wp-block-group-is-layout-constrained\" style=\"padding-right:var(--wp--preset--spacing--small);padding-left:var(--wp--preset--spacing--small)\">\n<h2 class=\"wp-block-heading\"><strong>Bienvenue \u00e0 La Perle Rare<\/strong>, <\/h2>\n\n\n\n<p>un lieu o\u00f9 la passion de la gastronomie et le respect des traditions se rencontrent pour vous offrir une exp\u00e9rience culinaire unique. Nous sommes fiers de vous proposer des plats autour de la <strong>truffe noire<\/strong>, un produit d&rsquo;exception cultiv\u00e9 dans notre <strong>production familiale<\/strong>. Chaque assiette que nous servons est une v\u00e9ritable c\u00e9l\u00e9bration de la truffe, qui, gr\u00e2ce \u00e0 son go\u00fbt incomparable et son parfum envo\u00fbtant, sublime chaque plat.<\/p>\n\n\n\n<h2 class=\"wp-block-heading\"><strong>La Truffe Noire &#8211; Un Tr\u00e9sor de Notre Terroir<\/strong><\/h2>\n\n\n\n<p>La truffe noire, ou <strong>Tuber melanosporum<\/strong>, est un produit noble et rare, qui se cultive avec soin et patience. Dans notre domaine familial, nous avons \u00e0 c\u0153ur de cultiver ce tr\u00e9sor de la nature dans le respect des m\u00e9thodes traditionnelles. Notre r\u00e9colte est le fruit de plusieurs g\u00e9n\u00e9rations de passionn\u00e9s, qui ont su allier savoir-faire ancestral et respect de l\u2019environnement pour produire une truffe de qualit\u00e9 exceptionnelle.<\/p>\n\n\n\n<p><\/p>\n\n\n\n<h2 class=\"wp-block-heading\"><strong>L&rsquo;Authenticit\u00e9 de Notre Production Familiale<\/strong><\/h2>\n\n\n\n<p>Nos plats \u00e0 base de truffe noire ne sont pas seulement une c\u00e9l\u00e9bration du go\u00fbt, mais aussi de notre <strong>engagement familial<\/strong>. La truffe que nous utilisons provient exclusivement de notre production, ce qui nous permet de contr\u00f4ler chaque \u00e9tape de la r\u00e9colte, de la culture \u00e0 la mise en avant dans nos plats. Nous croyons fermement en la qualit\u00e9 plut\u00f4t qu\u2019en la quantit\u00e9, et cela se refl\u00e8te dans la finesse et l\u2019authenticit\u00e9 de nos mets.<\/p>\n\n\n\n<h2 class=\"wp-block-heading\"><strong>Un Voyage Culinaire Inoubliable<\/strong><\/h2>\n\n\n\n<p>\u00c0 travers chaque plat, chaque bouch\u00e9e, nous vous invitons \u00e0 un voyage au c\u0153ur de notre terroir, o\u00f9 l\u2019amour de la truffe noire se m\u00eale \u00e0 l\u2019art culinaire. <strong>La Perle Rare<\/strong> est le lieu id\u00e9al pour d\u00e9couvrir ou red\u00e9couvrir la truffe noire sous toutes ses formes, tout en savourant l\u2019exceptionnelle richesse de notre production familiale. souvenir m\u00e9morable.<\/p>\n\n\n\n<div style=\"height:54px\" aria-hidden=\"true\" class=\"wp-block-spacer\"><\/div>\n\n\n\n<div style=\"height:100px\" aria-hidden=\"true\" class=\"wp-block-spacer\"><\/div>\n<\/div>\n","protected":false},"excerpt":{"rendered":"<p>Bienvenue \u00e0 La Perle Rare, un lieu o\u00f9 la passion de la gastronomie et le respect des traditions se rencontrent pour vous offrir une exp\u00e9rience culinaire unique. Nous sommes fiers de vous proposer des plats autour de la truffe noire, un produit d&rsquo;exception cultiv\u00e9 dans notre production familiale. Chaque assiette que nous servons est une &hellip; <\/p>\n<p class=\"link-more\"><a href=\"https:\/\/la-perle-rare-83.fr\/index.php\/periode-hivernale\/\" class=\"more-link\">Lire la suite de<span class=\"screen-reader-text\">\u00ab\u00a0P\u00e9riode hivernale\u00a0\u00bb<\/span><\/a><\/p>\n","protected":false},"author":1,"featured_media":0,"parent":0,"menu_order":0,"comment_status":"closed","ping_status":"closed","template":"page-templates\/full-width-no-title.php","meta":{"_monsterinsights_skip_tracking":false,"_monsterinsights_sitenote_active":false,"_monsterinsights_sitenote_note":"","_monsterinsights_sitenote_category":0,"inspiro_hide_title":false,"footnotes":""},"class_list":["post-7027","page","type-page","status-publish","hentry"],"_links":{"self":[{"href":"https:\/\/la-perle-rare-83.fr\/index.php\/wp-json\/wp\/v2\/pages\/7027","targetHints":{"allow":["GET"]}}],"collection":[{"href":"https:\/\/la-perle-rare-83.fr\/index.php\/wp-json\/wp\/v2\/pages"}],"about":[{"href":"https:\/\/la-perle-rare-83.fr\/index.php\/wp-json\/wp\/v2\/types\/page"}],"author":[{"embeddable":true,"href":"https:\/\/la-perle-rare-83.fr\/index.php\/wp-json\/wp\/v2\/users\/1"}],"replies":[{"embeddable":true,"href":"https:\/\/la-perle-rare-83.fr\/index.php\/wp-json\/wp\/v2\/comments?post=7027"}],"version-history":[{"count":4,"href":"https:\/\/la-perle-rare-83.fr\/index.php\/wp-json\/wp\/v2\/pages\/7027\/revisions"}],"predecessor-version":[{"id":7108,"href":"https:\/\/la-perle-rare-83.fr\/index.php\/wp-json\/wp\/v2\/pages\/7027\/revisions\/7108"}],"wp:attachment":[{"href":"https:\/\/la-perle-rare-83.fr\/index.php\/wp-json\/wp\/v2\/media?parent=7027"}],"curies":[{"name":"wp","href":"https:\/\/api.w.org\/{rel}","templated":true}]}}