{"id":7047,"date":"2025-04-10T18:34:55","date_gmt":"2025-04-10T16:34:55","guid":{"rendered":"https:\/\/la-perle-rare-83.fr\/?page_id=7047"},"modified":"2025-05-21T16:56:18","modified_gmt":"2025-05-21T14:56:18","slug":"nos-truffes","status":"publish","type":"page","link":"https:\/\/la-perle-rare-83.fr\/index.php\/nos-truffes\/","title":{"rendered":"Nos Truffes"},"content":{"rendered":"\n<div class=\"wp-block-cover alignfull\" style=\"padding-top:0px;min-height:181px;aspect-ratio:unset;\"><img loading=\"lazy\" decoding=\"async\" width=\"1024\" height=\"110\" class=\"wp-block-cover__image-background wp-image-7698 size-large\" alt=\"\" src=\"https:\/\/la-perle-rare-83.fr\/wp-content\/uploads\/2025\/05\/bandoe-1024x110.png\" data-object-fit=\"cover\" srcset=\"https:\/\/la-perle-rare-83.fr\/wp-content\/uploads\/2025\/05\/bandoe-1024x110.png 1024w, https:\/\/la-perle-rare-83.fr\/wp-content\/uploads\/2025\/05\/bandoe-300x32.png 300w, https:\/\/la-perle-rare-83.fr\/wp-content\/uploads\/2025\/05\/bandoe-2000x216.png 2000w\" sizes=\"auto, (max-width: 1024px) 100vw, 1024px\" \/><span aria-hidden=\"true\" class=\"wp-block-cover__background has-black-background-color has-background-dim-20 has-background-dim\"><\/span><div class=\"wp-block-cover__inner-container is-layout-flow wp-block-cover-is-layout-flow\">\n<div class=\"wp-block-group is-style-default has-global-padding is-layout-constrained wp-block-group-is-layout-constrained\"><\/div>\n<\/div><\/div>\n\n\n\n<div id=\"services\" class=\"wp-block-group pattern_multiple_covers has-global-padding is-layout-constrained wp-container-core-group-is-layout-3a820303 wp-block-group-is-layout-constrained\" style=\"padding-right:var(--wp--preset--spacing--small);padding-left:var(--wp--preset--spacing--small)\">\n<p class=\"has-text-align-left has-secondary-color has-text-color\" style=\"letter-spacing:1px\"><\/p>\n\n\n\n<h2 class=\"wp-block-heading has-text-align-left has-large-font-size\">Nos Truffes<\/h2>\n\n\n\n<h2 class=\"wp-block-heading\">La Truffe Noire &#8211; Un Tr\u00e9sor de la Nature<\/h2>\n\n\n\n<p>La <strong>truffe noire<\/strong>, aussi appel\u00e9e <strong>Tuber melanosporum<\/strong>, est l&rsquo;un des produits les plus raffin\u00e9s et pris\u00e9s de la gastronomie mondiale. Connue sous le surnom de \u00ab diamant noir \u00bb, elle est un v\u00e9ritable joyau de la nature, qui s\u00e9duit par son parfum intense, sa saveur incomparable et sa raret\u00e9. C\u2019est un ingr\u00e9dient qui incarne le luxe, le raffinement et l&rsquo;authenticit\u00e9.<\/p>\n\n\n\n<div class=\"wp-block-cover\"><img loading=\"lazy\" decoding=\"async\" width=\"360\" height=\"240\" class=\"wp-block-cover__image-background wp-image-7050\" alt=\"\" src=\"https:\/\/la-perle-rare-83.fr\/wp-content\/uploads\/2025\/04\/240_F_842031314_AmEJN6TaduwH0Ho6Vi54MFZOfXfz5rZm.jpg\" data-object-fit=\"cover\" srcset=\"https:\/\/la-perle-rare-83.fr\/wp-content\/uploads\/2025\/04\/240_F_842031314_AmEJN6TaduwH0Ho6Vi54MFZOfXfz5rZm.jpg 360w, https:\/\/la-perle-rare-83.fr\/wp-content\/uploads\/2025\/04\/240_F_842031314_AmEJN6TaduwH0Ho6Vi54MFZOfXfz5rZm-300x200.jpg 300w\" sizes=\"auto, (max-width: 360px) 100vw, 360px\" \/><span aria-hidden=\"true\" class=\"wp-block-cover__background has-background-dim\" style=\"background-color:#85786f\"><\/span><div class=\"wp-block-cover__inner-container is-layout-flow wp-block-cover-is-layout-flow\">\n<p class=\"has-text-align-center has-large-font-size\"><\/p>\n<\/div><\/div>\n\n\n\n<h2 class=\"wp-block-heading\"><strong>Origine et Culture<\/strong><\/h2>\n\n\n\n<p>La truffe noire pousse sous la terre, en symbiose avec des racines d&rsquo;arbres comme le ch\u00eane, le noisetier, le tilleul et certains pins. Elle est r\u00e9colt\u00e9e gr\u00e2ce \u00e0 l\u2019aide de chiens ou de cochons, entra\u00een\u00e9s pour d\u00e9tecter la truffe gr\u00e2ce \u00e0 leur sens de l&rsquo;odorat extr\u00eamement d\u00e9velopp\u00e9.<\/p>\n\n\n\n<p>Elle est particuli\u00e8rement cultiv\u00e9e en <strong>France<\/strong> (notamment dans la r\u00e9gion de <strong>Provence<\/strong>, <strong>le P\u00e9rigord<\/strong> et le <strong>Vaucluse<\/strong>), o\u00f9 le climat et le sol calcaire sont propices \u00e0 son d\u00e9veloppement. La truffe noire peut se r\u00e9colter pendant l&rsquo;hiver, de <strong>novembre \u00e0 mars<\/strong>, p\u00e9riode o\u00f9 elle atteint sa pleine maturit\u00e9.<\/p>\n\n\n\n<h2 class=\"wp-block-heading\"><strong>Caract\u00e9ristiques de la Truffe Noire<\/strong><\/h2>\n\n\n\n<p>La truffe noire se distingue par plusieurs caract\u00e9ristiques uniques :<\/p>\n\n\n\n<ul class=\"wp-block-list\">\n<li><strong>Apparence<\/strong> : Sa peau, rugueuse et noire, renferme une chair ferme et marbr\u00e9e de veines blanches. Lorsqu&rsquo;elle est coup\u00e9e, sa texture est l\u00e9g\u00e8rement croquante et son parfum intense.<\/li>\n\n\n\n<li><strong>Saveur<\/strong> : La truffe noire offre une <strong>saveur riche et bois\u00e9e<\/strong>, \u00e0 la fois terreuse et l\u00e9g\u00e8rement sucr\u00e9e. Elle exhale un parfum puissant qui varie selon la maturit\u00e9 de la truffe, mais qui est toujours reconnaissable entre mille. Ce go\u00fbt unique en fait un ingr\u00e9dient d&rsquo;exception qui magnifie n&rsquo;importe quel plat.<\/li>\n\n\n\n<li><strong>Aromatique<\/strong> : Son odeur est envo\u00fbtante et enivrante, un m\u00e9lange de musc et de terre, souvent d\u00e9crit comme \u00e9tant <strong>intense, complexe et bois\u00e9e<\/strong>. C\u2019est cette singularit\u00e9 qui en fait un ingr\u00e9dient recherch\u00e9 des grands chefs.<\/li>\n<\/ul>\n\n\n\n<div class=\"wp-block-columns is-layout-flex wp-container-core-columns-is-layout-28f84493 wp-block-columns-is-layout-flex\">\n<div class=\"wp-block-column is-layout-flow wp-block-column-is-layout-flow\">\n<div class=\"wp-block-columns is-layout-flex wp-container-core-columns-is-layout-28f84493 wp-block-columns-is-layout-flex\">\n<div class=\"wp-block-column is-layout-flow wp-block-column-is-layout-flow\">\n<div class=\"wp-block-columns is-layout-flex wp-container-core-columns-is-layout-28f84493 wp-block-columns-is-layout-flex\">\n<div class=\"wp-block-column is-layout-flow wp-block-column-is-layout-flow\" style=\"flex-basis:33.33%\">\n<figure class=\"wp-block-image size-full is-resized\"><img loading=\"lazy\" decoding=\"async\" width=\"432\" height=\"640\" src=\"https:\/\/la-perle-rare-83.fr\/wp-content\/uploads\/2025\/04\/truffle-2341781_640-1.jpg\" alt=\"\" class=\"wp-image-7147\" style=\"width:267px;height:auto\" srcset=\"https:\/\/la-perle-rare-83.fr\/wp-content\/uploads\/2025\/04\/truffle-2341781_640-1.jpg 432w, https:\/\/la-perle-rare-83.fr\/wp-content\/uploads\/2025\/04\/truffle-2341781_640-1-203x300.jpg 203w\" sizes=\"auto, (max-width: 432px) 100vw, 432px\" \/><\/figure>\n<\/div>\n\n\n\n<div class=\"wp-block-column is-layout-flow wp-block-column-is-layout-flow\" style=\"flex-basis:66.66%\">\n<h2 class=\"wp-block-heading\"><strong>Culture de la Truffe Noire &#8211; Une Tradition Familiale<\/strong><\/h2>\n\n\n\n<p>Dans <strong>notre domaine familial<\/strong>, nous cultivons la truffe noire avec un respect profond pour les m\u00e9thodes traditionnelles, transmises de g\u00e9n\u00e9ration en g\u00e9n\u00e9ration. La culture de la truffe est un art d\u00e9licat qui demande patience, observation et soin. La terre, le climat et l&rsquo;environnement doivent \u00eatre parfaitement adapt\u00e9s, et la r\u00e9colte se fait avec respect, \u00e0 la main, sans jamais perturber l\u2019\u00e9cosyst\u00e8me naturel.<\/p>\n\n\n\n<h2 class=\"wp-block-heading\"><strong>Un Produit de Luxe, Rare et Pris\u00e9<\/strong><\/h2>\n\n\n\n<p>La truffe noire est un produit rare et pr\u00e9cieux. Sa r\u00e9colte est exigeante et le temps n\u00e9cessaire \u00e0 sa maturation est long, ce qui en fait une denr\u00e9e co\u00fbteuse et pris\u00e9e par les fins gourmets et les chefs \u00e9toil\u00e9s. Cette raret\u00e9 et son caract\u00e8re unique contribuent \u00e0 sa r\u00e9putation de produit de luxe.<\/p>\n\n\n\n<p><\/p>\n<\/div>\n<\/div>\n<\/div>\n<\/div>\n<\/div>\n<\/div>\n\n\n\n<div class=\"wp-block-group is-nowrap is-layout-flex wp-container-core-group-is-layout-6c531013 wp-block-group-is-layout-flex\">\n<div class=\"wp-block-columns is-layout-flex wp-container-core-columns-is-layout-28f84493 wp-block-columns-is-layout-flex\">\n<div class=\"wp-block-column is-layout-flow wp-block-column-is-layout-flow\">\n<h2 class=\"wp-block-heading\"><strong>Utilisation Culinaire<\/strong><\/h2>\n\n\n\n<p>La truffe noire est utilis\u00e9e dans une multitude de pr\u00e9parations gastronomiques pour sublimer les plats. Voici quelques fa\u00e7ons de l&rsquo;utiliser :<\/p>\n\n\n\n<ul class=\"wp-block-list\">\n<li><strong>R\u00e2p\u00e9e ou tranch\u00e9e finement<\/strong> : Ajoutez-la sur des plats chauds ou froids, comme des <strong>p\u00e2tes<\/strong>, des <strong>omelettes<\/strong>, des <strong>risottos<\/strong>, des <strong>viandes grill\u00e9es<\/strong> ou des <strong>poissons<\/strong>.<\/li>\n\n\n\n<li><strong>Infusion d&rsquo;huile ou de beurre<\/strong> : Pour impr\u00e9gner vos plats de l&rsquo;ar\u00f4me de la truffe, une huile ou un beurre \u00e0 la truffe peut \u00eatre utilis\u00e9 pour assaisonner les salades, les p\u00e2tes ou m\u00eame les pommes de terre.<\/li>\n\n\n\n<li><strong>Sauces<\/strong> : Elle peut \u00eatre int\u00e9gr\u00e9e dans des sauces cr\u00e9meuses pour accompagner des viandes ou des volailles.<\/li>\n\n\n\n<li><strong>En dessert<\/strong> : Certains chefs innovent en int\u00e9grant la truffe noire dans des <strong>desserts sucr\u00e9s<\/strong> tels que des <strong>cr\u00e8mes br\u00fbl\u00e9es<\/strong> ou des <strong>chocolats<\/strong>, cr\u00e9ant un mariage surprenant entre douceur et saveur terreuse.<\/li>\n<\/ul>\n\n\n\n<h2 class=\"wp-block-heading\"><strong>La Truffe Noire &#8211; Une Exp\u00e9rience Sensorielle<\/strong><\/h2>\n\n\n\n<p>La truffe noire est bien plus qu\u2019un simple ingr\u00e9dient culinaire : c\u2019est une <strong>exp\u00e9rience sensorielle<\/strong> compl\u00e8te. Son go\u00fbt, son parfum et m\u00eame sa texture font de chaque plat une <strong>exploration gustative<\/strong> o\u00f9 se m\u00ealent sophistication et tradition. Elle transforme n\u2019importe quel repas en un moment d\u2019exception, un voyage sensoriel o\u00f9 l&rsquo;on d\u00e9couvre la beaut\u00e9 et l\u2019authenticit\u00e9 du terroir.<\/p>\n\n\n\n<hr class=\"wp-block-separator has-alpha-channel-opacity\"\/>\n\n\n\n<p>En r\u00e9sum\u00e9, la truffe noire est un produit d&rsquo;exception, cultiv\u00e9 avec passion et respect, qui apporte une touche de luxe \u00e0 toute pr\u00e9paration culinaire. Dans notre restaurant, nous avons choisi de vous offrir le meilleur de cette truffe pr\u00e9cieuse, issue directement de notre production familiale, pour vous faire vivre une exp\u00e9rience gastronomique inoubliable.<\/p>\n\n\n\n<p>Si vous souhaitez plus de d\u00e9tails ou des suggestions de plats \u00e0 base de truffe noire, je serai ravi de vous en fournir<\/p>\n<\/div>\n<\/div>\n\n\n\n<p><\/p>\n<\/div>\n\n\n\n<p><\/p>\n\n\n\n<p><\/p>\n\n\n\n<div style=\"height:0px\" aria-hidden=\"true\" class=\"wp-block-spacer\"><\/div>\n<\/div>\n\n\n\n<p><\/p>\n","protected":false},"excerpt":{"rendered":"<p>Nos Truffes La Truffe Noire &#8211; Un Tr\u00e9sor de la Nature La truffe noire, aussi appel\u00e9e Tuber melanosporum, est l&rsquo;un des produits les plus raffin\u00e9s et pris\u00e9s de la gastronomie mondiale. Connue sous le surnom de \u00ab diamant noir \u00bb, elle est un v\u00e9ritable joyau de la nature, qui s\u00e9duit par son parfum intense, sa &hellip; <\/p>\n<p class=\"link-more\"><a href=\"https:\/\/la-perle-rare-83.fr\/index.php\/nos-truffes\/\" class=\"more-link\">Lire la suite de<span class=\"screen-reader-text\">\u00ab\u00a0Nos Truffes\u00a0\u00bb<\/span><\/a><\/p>\n","protected":false},"author":1,"featured_media":0,"parent":0,"menu_order":0,"comment_status":"closed","ping_status":"closed","template":"page-templates\/full-width-transparent.php","meta":{"_monsterinsights_skip_tracking":false,"_monsterinsights_sitenote_active":false,"_monsterinsights_sitenote_note":"","_monsterinsights_sitenote_category":0,"inspiro_hide_title":false,"footnotes":""},"class_list":["post-7047","page","type-page","status-publish","hentry"],"_links":{"self":[{"href":"https:\/\/la-perle-rare-83.fr\/index.php\/wp-json\/wp\/v2\/pages\/7047","targetHints":{"allow":["GET"]}}],"collection":[{"href":"https:\/\/la-perle-rare-83.fr\/index.php\/wp-json\/wp\/v2\/pages"}],"about":[{"href":"https:\/\/la-perle-rare-83.fr\/index.php\/wp-json\/wp\/v2\/types\/page"}],"author":[{"embeddable":true,"href":"https:\/\/la-perle-rare-83.fr\/index.php\/wp-json\/wp\/v2\/users\/1"}],"replies":[{"embeddable":true,"href":"https:\/\/la-perle-rare-83.fr\/index.php\/wp-json\/wp\/v2\/comments?post=7047"}],"version-history":[{"count":7,"href":"https:\/\/la-perle-rare-83.fr\/index.php\/wp-json\/wp\/v2\/pages\/7047\/revisions"}],"predecessor-version":[{"id":7709,"href":"https:\/\/la-perle-rare-83.fr\/index.php\/wp-json\/wp\/v2\/pages\/7047\/revisions\/7709"}],"wp:attachment":[{"href":"https:\/\/la-perle-rare-83.fr\/index.php\/wp-json\/wp\/v2\/media?parent=7047"}],"curies":[{"name":"wp","href":"https:\/\/api.w.org\/{rel}","templated":true}]}}