{"id":7222,"date":"2025-04-24T10:51:39","date_gmt":"2025-04-24T08:51:39","guid":{"rendered":"https:\/\/la-perle-rare-83.fr\/?page_id=7222"},"modified":"2025-05-21T16:40:37","modified_gmt":"2025-05-21T14:40:37","slug":"menu-2","status":"publish","type":"page","link":"https:\/\/la-perle-rare-83.fr\/index.php\/menu-2\/","title":{"rendered":"Menu"},"content":{"rendered":"\n<main class=\"wp-block-group alignfull site-content is-layout-flow wp-block-group-is-layout-flow\" id=\"header\" style=\"margin-top:0\">\n<div class=\"wp-block-cover alignfull\" style=\"padding-top:0px;min-height:168px;aspect-ratio:unset;\"><img loading=\"lazy\" decoding=\"async\" width=\"1024\" height=\"110\" class=\"wp-block-cover__image-background wp-image-7698 size-large\" alt=\"\" src=\"https:\/\/la-perle-rare-83.fr\/wp-content\/uploads\/2025\/05\/bandoe-1024x110.png\" data-object-fit=\"cover\" srcset=\"https:\/\/la-perle-rare-83.fr\/wp-content\/uploads\/2025\/05\/bandoe-1024x110.png 1024w, https:\/\/la-perle-rare-83.fr\/wp-content\/uploads\/2025\/05\/bandoe-300x32.png 300w, https:\/\/la-perle-rare-83.fr\/wp-content\/uploads\/2025\/05\/bandoe-2000x216.png 2000w\" sizes=\"auto, (max-width: 1024px) 100vw, 1024px\" \/><span aria-hidden=\"true\" class=\"wp-block-cover__background has-black-background-color has-background-dim-20 has-background-dim\"><\/span><div class=\"wp-block-cover__inner-container is-layout-flow wp-block-cover-is-layout-flow\">\n<p class=\"has-text-align-center has-large-font-size\"><\/p>\n<\/div><\/div>\n\n\n\n<div id=\"services\" class=\"wp-block-group pattern_multiple_covers has-global-padding is-layout-constrained wp-container-core-group-is-layout-3a820303 wp-block-group-is-layout-constrained\" style=\"padding-right:var(--wp--preset--spacing--small);padding-left:var(--wp--preset--spacing--small)\">\n<h2 class=\"wp-block-heading has-text-align-left has-large-font-size\"><strong>La saison de la truffe, l\u2019hiver \u00e0 son apog\u00e9e<\/strong><\/h2>\n\n\n\n<p>Lorsque les journ\u00e9es raccourcissent et que le froid s\u2019installe doucement, notre table s\u2019illumine autour d\u2019un produit d\u2019exception : <strong>la truffe noire<\/strong>, cultiv\u00e9e avec passion et r\u00e9colt\u00e9e \u00e0 la main dans notre propre truffi\u00e8re.  En hiver, elle d\u00e9voile tout son caract\u00e8re, son parfum profond et sa richesse inimitable. C\u2019est dans cette saison, propice \u00e0 la gourmandise, que notre restaurant vous propose une exp\u00e9rience culinaire chaleureuse et raffin\u00e9e.<\/p>\n\n\n\n<p><\/p>\n\n\n\n<div style=\"height:46px\" aria-hidden=\"true\" class=\"wp-block-spacer\"><\/div>\n\n\n\n<div class=\"wp-block-columns is-layout-flex wp-container-core-columns-is-layout-28f84493 wp-block-columns-is-layout-flex\">\n<div class=\"wp-block-column is-layout-flow wp-block-column-is-layout-flow\" style=\"padding-top:0;padding-right:0;padding-bottom:0;padding-left:0\">\n<div class=\"wp-block-cover is-light\"><img loading=\"lazy\" decoding=\"async\" width=\"362\" height=\"240\" class=\"wp-block-cover__image-background wp-image-7040 size-full\" alt=\"\" src=\"https:\/\/la-perle-rare-83.fr\/wp-content\/uploads\/2025\/04\/240_F_274994104_PE5d4TEtuTFQp6JNgWRPz156xMmXCtWS.jpg\" data-object-fit=\"cover\" srcset=\"https:\/\/la-perle-rare-83.fr\/wp-content\/uploads\/2025\/04\/240_F_274994104_PE5d4TEtuTFQp6JNgWRPz156xMmXCtWS.jpg 362w, https:\/\/la-perle-rare-83.fr\/wp-content\/uploads\/2025\/04\/240_F_274994104_PE5d4TEtuTFQp6JNgWRPz156xMmXCtWS-300x199.jpg 300w\" sizes=\"auto, (max-width: 362px) 100vw, 362px\" \/><span aria-hidden=\"true\" class=\"wp-block-cover__background has-background-dim\" style=\"background-color:#b9a89e\"><\/span><div class=\"wp-block-cover__inner-container is-layout-flow wp-block-cover-is-layout-flow\">\n<p class=\"has-text-align-center has-large-font-size\"><\/p>\n<\/div><\/div>\n<\/div>\n\n\n\n<div class=\"wp-block-column is-layout-flow wp-block-column-is-layout-flow\" style=\"padding-top:0;padding-right:0;padding-bottom:0;padding-left:0\">\n<div class=\"wp-block-cover\"><img loading=\"lazy\" decoding=\"async\" width=\"360\" height=\"240\" class=\"wp-block-cover__image-background wp-image-7080 size-full\" alt=\"\" src=\"https:\/\/la-perle-rare-83.fr\/wp-content\/uploads\/2025\/04\/240_F_331015023_QucWZlVJCcxnEsJZrYLQgnVPgTuP230J.jpg\" data-object-fit=\"cover\" srcset=\"https:\/\/la-perle-rare-83.fr\/wp-content\/uploads\/2025\/04\/240_F_331015023_QucWZlVJCcxnEsJZrYLQgnVPgTuP230J.jpg 360w, https:\/\/la-perle-rare-83.fr\/wp-content\/uploads\/2025\/04\/240_F_331015023_QucWZlVJCcxnEsJZrYLQgnVPgTuP230J-300x200.jpg 300w\" sizes=\"auto, (max-width: 360px) 100vw, 360px\" \/><span aria-hidden=\"true\" class=\"wp-block-cover__background has-background-dim\" style=\"background-color:#847062\"><\/span><div class=\"wp-block-cover__inner-container is-layout-flow wp-block-cover-is-layout-flow\">\n<p class=\"has-text-align-center has-large-font-size\"><\/p>\n<\/div><\/div>\n<\/div>\n\n\n\n<div class=\"wp-block-column is-layout-flow wp-block-column-is-layout-flow\" style=\"padding-top:0;padding-right:0;padding-bottom:0;padding-left:0\">\n<div class=\"wp-block-cover is-light\"><img loading=\"lazy\" decoding=\"async\" width=\"371\" height=\"240\" class=\"wp-block-cover__image-background wp-image-7042 size-full\" alt=\"\" src=\"https:\/\/la-perle-rare-83.fr\/wp-content\/uploads\/2025\/04\/240_F_472969740_kBZoGheCtsaEVoHkNBoiHCkXCi6UELY4.jpg\" data-object-fit=\"cover\" srcset=\"https:\/\/la-perle-rare-83.fr\/wp-content\/uploads\/2025\/04\/240_F_472969740_kBZoGheCtsaEVoHkNBoiHCkXCi6UELY4.jpg 371w, https:\/\/la-perle-rare-83.fr\/wp-content\/uploads\/2025\/04\/240_F_472969740_kBZoGheCtsaEVoHkNBoiHCkXCi6UELY4-300x194.jpg 300w\" sizes=\"auto, (max-width: 371px) 100vw, 371px\" \/><span aria-hidden=\"true\" class=\"wp-block-cover__background has-background-dim\" style=\"background-color:#aba4a2\"><\/span><div class=\"wp-block-cover__inner-container is-layout-flow wp-block-cover-is-layout-flow\">\n<p class=\"has-text-align-center has-large-font-size\"><\/p>\n<\/div><\/div>\n<\/div>\n<\/div>\n\n\n\n<div class=\"wp-block-columns is-layout-flex wp-container-core-columns-is-layout-28f84493 wp-block-columns-is-layout-flex\">\n<div class=\"wp-block-column is-layout-flow wp-block-column-is-layout-flow\">\n<p><strong>Entr\u00e9es<\/strong> :<\/p>\n\n\n\n<p>Le chef imagine, chaque jour, un menu unique selon son inspiration et les arrivages, en accord avec les saveurs de la saison. Brouillade de truffe, Toast de foie gras \u00e0 la truffe, Salade, et encore d&rsquo;autre surprises vous seront servis.<\/p>\n<\/div>\n\n\n\n<div class=\"wp-block-column is-layout-flow wp-block-column-is-layout-flow\">\n<p><strong>PLats<\/strong> :<\/p>\n\n\n\n<p> Chaque service est une invitation \u00e0 d\u00e9couvrir la truffe noire autrement, dans des accords parfois classiques et parfois inattendus. Des P\u00e2tes fra\u00eeches au beurre truff\u00e9, une Raclette \u00e0 la truffe ou encore,  un Filet de viande r\u00f4ti, napp\u00e9 d\u2019une sauce cr\u00e8me \u00e0 la truffe vous seront propos\u00e9 celons le moment.<\/p>\n\n\n\n<p><\/p>\n<\/div>\n\n\n\n<div class=\"wp-block-column is-layout-flow wp-block-column-is-layout-flow\">\n<p class=\"has-text-align-left\"><strong>C\u00f4t\u00e9 douceurs :<\/strong> <\/p>\n\n\n\n<p class=\"has-text-align-left\">la truffe vient chatouiller les papilles jusqu\u2019au bout du repas, avec une cr\u00e8me br\u00fbl\u00e9e maison,  un tiramisu revisit\u00e9, auquel s\u2019ajoutent parfois quelques surprises sucr\u00e9es\u2026<\/p>\n<\/div>\n<\/div>\n<\/div>\n<\/main>\n\n\n\n<div style=\"height:0px\" aria-hidden=\"true\" class=\"wp-block-spacer\"><\/div>\n\n\n\n<p><\/p>\n\n\n\n<p><\/p>\n","protected":false},"excerpt":{"rendered":"<p>La saison de la truffe, l\u2019hiver \u00e0 son apog\u00e9e Lorsque les journ\u00e9es raccourcissent et que le froid s\u2019installe doucement, notre table s\u2019illumine autour d\u2019un produit d\u2019exception : la truffe noire, cultiv\u00e9e avec passion et r\u00e9colt\u00e9e \u00e0 la main dans notre propre truffi\u00e8re. En hiver, elle d\u00e9voile tout son caract\u00e8re, son parfum profond et sa richesse &hellip; <\/p>\n<p class=\"link-more\"><a href=\"https:\/\/la-perle-rare-83.fr\/index.php\/menu-2\/\" class=\"more-link\">Lire la suite de<span class=\"screen-reader-text\">\u00ab\u00a0Menu\u00a0\u00bb<\/span><\/a><\/p>\n","protected":false},"author":1,"featured_media":0,"parent":0,"menu_order":0,"comment_status":"closed","ping_status":"closed","template":"page-templates\/full-width-transparent.php","meta":{"_monsterinsights_skip_tracking":false,"_monsterinsights_sitenote_active":false,"_monsterinsights_sitenote_note":"","_monsterinsights_sitenote_category":0,"inspiro_hide_title":false,"footnotes":""},"class_list":["post-7222","page","type-page","status-publish","hentry"],"_links":{"self":[{"href":"https:\/\/la-perle-rare-83.fr\/index.php\/wp-json\/wp\/v2\/pages\/7222","targetHints":{"allow":["GET"]}}],"collection":[{"href":"https:\/\/la-perle-rare-83.fr\/index.php\/wp-json\/wp\/v2\/pages"}],"about":[{"href":"https:\/\/la-perle-rare-83.fr\/index.php\/wp-json\/wp\/v2\/types\/page"}],"author":[{"embeddable":true,"href":"https:\/\/la-perle-rare-83.fr\/index.php\/wp-json\/wp\/v2\/users\/1"}],"replies":[{"embeddable":true,"href":"https:\/\/la-perle-rare-83.fr\/index.php\/wp-json\/wp\/v2\/comments?post=7222"}],"version-history":[{"count":4,"href":"https:\/\/la-perle-rare-83.fr\/index.php\/wp-json\/wp\/v2\/pages\/7222\/revisions"}],"predecessor-version":[{"id":7708,"href":"https:\/\/la-perle-rare-83.fr\/index.php\/wp-json\/wp\/v2\/pages\/7222\/revisions\/7708"}],"wp:attachment":[{"href":"https:\/\/la-perle-rare-83.fr\/index.php\/wp-json\/wp\/v2\/media?parent=7222"}],"curies":[{"name":"wp","href":"https:\/\/api.w.org\/{rel}","templated":true}]}}